{"id":63,"date":"2018-02-12T15:56:34","date_gmt":"2018-02-12T15:56:34","guid":{"rendered":"http:\/\/www.elzoom.es\/wp-elzoom\/?page_id=63"},"modified":"2020-03-04T11:57:46","modified_gmt":"2020-03-04T10:57:46","slug":"concurs-fira-pa-i-xocolata-2013","status":"publish","type":"page","link":"https:\/\/www.elzoom.cat\/wp-elzoom\/exposicions-biblioteca\/concurs-fira-pa-i-xocolata-2013\/","title":{"rendered":"Concurs Fira Pa i Xocolata 2013"},"content":{"rendered":"<div id=\"ja-contentwrap\" class=\"clearfix \">\n<div id=\"ja-content\" class=\"column\">\n<div id=\"ja-current-content\" class=\"column\">\n<div id=\"ja-content-main\" class=\"ja-content-main clearfix\">\n<div class=\"item-page clearfix\">\n<p><img decoding=\"async\" src=\"http:\/\/www.elzoom.es\/jml25\/images\/expo_biblioteca\/fira_paxocolata13.jpg\" alt=\"\" border=\"0\"><\/p>\n<table>\n<tbody>\n<tr valign=\"top\">\n<td><img decoding=\"async\" src=\"http:\/\/www.elzoom.es\/jml25\/images\/expo_biblioteca\/juditmolas.jpg\" alt=\"\"><\/td>\n<td>El passat 29 novembre 2013, a les&nbsp; 19&#8217;30h , es van fer, a la biblioteca, l&#8217;acte de lliurament de premis de fotografia de la VII Fira del Pa i la Xocolata de Sant Gregori.<br \/>\nAquell dia la premiada amb l\u2019acc\u00e8ssit, la Sra Judit Molas, no va poder assistir-hi per indisposici\u00f3\u2026 per\u00f2 va venir a recollir el premi uns quans dies despr\u00e9s. Aqu\u00ed teniu una foto del moment de la entrega:<\/td>\n<\/tr>\n<\/tbody>\n<\/table>\n<p>&nbsp;<\/p>\n<\/div>\n<\/div>\n<\/div>\n<\/div>\n<\/div>\n","protected":false},"excerpt":{"rendered":"<p>El passat 29 novembre 2013, a les&nbsp; 19&#8217;30h , es van fer, a la biblioteca, l&#8217;acte de lliurament de premis de fotografia de la VII Fira del Pa i la Xocolata de Sant Gregori. Aquell dia la premiada amb l\u2019acc\u00e8ssit, la Sra Judit Molas, no va poder assistir-hi per indisposici\u00f3\u2026 per\u00f2 va venir a recollir &#8230; <a title=\"Concurs Fira Pa i Xocolata 2013\" class=\"read-more\" href=\"https:\/\/www.elzoom.cat\/wp-elzoom\/exposicions-biblioteca\/concurs-fira-pa-i-xocolata-2013\/\" aria-label=\"M\u00e9s informaci\u00f3 sobre Concurs Fira Pa i Xocolata 2013\">Llegiu m\u00e9s<\/a><\/p>\n","protected":false},"author":1,"featured_media":0,"parent":40,"menu_order":0,"comment_status":"closed","ping_status":"closed","template":"","meta":{"ngg_post_thumbnail":0,"footnotes":""},"class_list":["post-63","page","type-page","status-publish"],"_links":{"self":[{"href":"https:\/\/www.elzoom.cat\/wp-elzoom\/wp-json\/wp\/v2\/pages\/63","targetHints":{"allow":["GET"]}}],"collection":[{"href":"https:\/\/www.elzoom.cat\/wp-elzoom\/wp-json\/wp\/v2\/pages"}],"about":[{"href":"https:\/\/www.elzoom.cat\/wp-elzoom\/wp-json\/wp\/v2\/types\/page"}],"author":[{"embeddable":true,"href":"https:\/\/www.elzoom.cat\/wp-elzoom\/wp-json\/wp\/v2\/users\/1"}],"replies":[{"embeddable":true,"href":"https:\/\/www.elzoom.cat\/wp-elzoom\/wp-json\/wp\/v2\/comments?post=63"}],"version-history":[{"count":2,"href":"https:\/\/www.elzoom.cat\/wp-elzoom\/wp-json\/wp\/v2\/pages\/63\/revisions"}],"predecessor-version":[{"id":319,"href":"https:\/\/www.elzoom.cat\/wp-elzoom\/wp-json\/wp\/v2\/pages\/63\/revisions\/319"}],"up":[{"embeddable":true,"href":"https:\/\/www.elzoom.cat\/wp-elzoom\/wp-json\/wp\/v2\/pages\/40"}],"wp:attachment":[{"href":"https:\/\/www.elzoom.cat\/wp-elzoom\/wp-json\/wp\/v2\/media?parent=63"}],"curies":[{"name":"wp","href":"https:\/\/api.w.org\/{rel}","templated":true}]}}