{"id":2,"date":"2018-02-12T13:52:10","date_gmt":"2018-02-12T13:52:10","guid":{"rendered":"http:\/\/www.elzoom.es\/wp-elzoom\/?page_id=2"},"modified":"2025-05-25T16:22:09","modified_gmt":"2025-05-25T15:22:09","slug":"sample-page","status":"publish","type":"page","link":"https:\/\/www.elzoom.cat\/wp-elzoom\/sample-page\/","title":{"rendered":"Qui som"},"content":{"rendered":"<p><img loading=\"lazy\" decoding=\"async\" class=\"size-full wp-image-23 aligncenter\" src=\"https:\/\/www.elzoom.cat\/wp-elzoom\/wp-content\/uploads\/2018\/02\/LogoZoom-e1518449067219.jpg\" alt=\"\" width=\"200\" height=\"136\"><\/p>\n<p>L\u2019Associaci\u00f3 \u201cZOOM- Amics de la fotografia de la Vall de Ll\u00e9mena\u201d de Sant Gregori, es va crear l\u2019any 1995, despr\u00e9s d\u2019un curs de fotografia que es va fer al nostre poble i t\u00e9 una vintena de socis\/es.<\/p>\n<p>Objectius actuals:<\/p>\n<p>Col\u00b7laboraci\u00f3 amb l\u2019Ajuntament de Sant Gregori, en els reportatges d\u2019activitats, festivitats i actes populars locals (Festa Major, Aplec, Festa Remences, Concerts, Festes Esportives, Carnestoltes, Reis, Fira Pa i Xocolata, &nbsp;\u2026 etc).<\/p>\n<p>Execuci\u00f3 del projecte de creaci\u00f3 d\u2019un arxiu i documentaci\u00f3 gr\u00e0fica amb&nbsp; fotografies antigues que ens han proporcionat els ve\u00efns de tots els pobles de la Vall de Ll\u00e9mena.<\/p>\n<p>Col\u00b7laboraci\u00f3 en la Revista Municipal de Sant Gregori 7EN1.<\/p>\n<p>Exposicions a la biblioteca municipal&nbsp;<strong>Miquel Marti i Pol.<\/strong><strong>&nbsp;<\/strong><\/p>\n<p>La nostra seu \u00e9s a la Sala Galligans del Centre C\u00edvic de Sant Gregori.<\/p>\n","protected":false},"excerpt":{"rendered":"<p>L\u2019Associaci\u00f3 \u201cZOOM- Amics de la fotografia de la Vall de Ll\u00e9mena\u201d de Sant Gregori, es va crear l\u2019any 1995, despr\u00e9s d\u2019un curs de fotografia que es va fer al nostre poble i t\u00e9 una vintena de socis\/es. Objectius actuals: Col\u00b7laboraci\u00f3 amb l\u2019Ajuntament de Sant Gregori, en els reportatges d\u2019activitats, festivitats i actes populars locals (Festa &#8230; <a title=\"Qui som\" class=\"read-more\" href=\"https:\/\/www.elzoom.cat\/wp-elzoom\/sample-page\/\" aria-label=\"M\u00e9s informaci\u00f3 sobre Qui som\">Llegiu m\u00e9s<\/a><\/p>\n","protected":false},"author":1,"featured_media":0,"parent":0,"menu_order":0,"comment_status":"closed","ping_status":"open","template":"","meta":{"ngg_post_thumbnail":0,"footnotes":""},"class_list":["post-2","page","type-page","status-publish"],"_links":{"self":[{"href":"https:\/\/www.elzoom.cat\/wp-elzoom\/wp-json\/wp\/v2\/pages\/2","targetHints":{"allow":["GET"]}}],"collection":[{"href":"https:\/\/www.elzoom.cat\/wp-elzoom\/wp-json\/wp\/v2\/pages"}],"about":[{"href":"https:\/\/www.elzoom.cat\/wp-elzoom\/wp-json\/wp\/v2\/types\/page"}],"author":[{"embeddable":true,"href":"https:\/\/www.elzoom.cat\/wp-elzoom\/wp-json\/wp\/v2\/users\/1"}],"replies":[{"embeddable":true,"href":"https:\/\/www.elzoom.cat\/wp-elzoom\/wp-json\/wp\/v2\/comments?post=2"}],"version-history":[{"count":5,"href":"https:\/\/www.elzoom.cat\/wp-elzoom\/wp-json\/wp\/v2\/pages\/2\/revisions"}],"predecessor-version":[{"id":362,"href":"https:\/\/www.elzoom.cat\/wp-elzoom\/wp-json\/wp\/v2\/pages\/2\/revisions\/362"}],"wp:attachment":[{"href":"https:\/\/www.elzoom.cat\/wp-elzoom\/wp-json\/wp\/v2\/media?parent=2"}],"curies":[{"name":"wp","href":"https:\/\/api.w.org\/{rel}","templated":true}]}}